{"id":411,"date":"2022-05-24T09:05:12","date_gmt":"2022-05-24T07:05:12","guid":{"rendered":"https:\/\/www.verfondern-schuhe.de\/nl\/?page_id=411"},"modified":"2025-07-20T10:43:13","modified_gmt":"2025-07-20T08:43:13","slug":"impressum","status":"publish","type":"page","link":"https:\/\/www.verfondern-schuhe.de\/nl\/impressum\/","title":{"rendered":"Impressum"},"content":{"rendered":"\n<p><strong>Schuhhaus Verfondern Fu\u00dforthop\u00e4die GmbH<\/strong><\/p>\n\n\n\n<p>Kavarinerstra\u00dfe 19-21<br>47533 Kleve<br>Tel.: 0 28 21\/ 2 43 14<br><a href=\"https:\/\/www.verfondern-schuhe.de\/\">https:\/\/www.verfondern-schuhe.de<\/a><\/p>\n\n\n\n<p>info(at)verfondern-schuhe.de<\/p>\n\n\n\n<p><strong>Gesch\u00e4ftsf\u00fchrer:<\/strong>&nbsp;Sven Verfondern, Orthop\u00e4dieschuhmachermeister &amp; Kaufmann<\/p>\n\n\n\n<p><strong>Eingetragen im Handelsregister beim Amtsgericht Kleve<\/strong><\/p>\n\n\n\n<p>HRB Nr.: 0506<\/p>\n\n\n\n<p><strong>Umsatzsteuer ID:<\/strong><\/p>\n\n\n\n<p>DE 120052900<\/p>\n\n\n\n<p><strong>Hinweis zur Verbraucherstreitbeilegung<\/strong><\/p>\n\n\n\n<p>Wir sind nicht bereit und nicht verpflichtet, an einem Streitbeilegungsverfahren vor einer Verbraucherschlichtungsstelle teilzunehmen.<\/p>\n","protected":false},"excerpt":{"rendered":"<p>Schuhhaus Verfondern Fu\u00dforthop\u00e4die GmbH Kavarinerstra\u00dfe 19-2147533 KleveTel.: 0 28 21\/ 2 43 14https:\/\/www.verfondern-schuhe.de info(at)verfondern-schuhe.de Gesch\u00e4ftsf\u00fchrer:&nbsp;Sven Verfondern, Orthop\u00e4dieschuhmachermeister &amp; Kaufmann Eingetragen im Handelsregister beim Amtsgericht Kleve HRB Nr.: 0506 Umsatzsteuer ID: DE 120052900 Hinweis zur Verbraucherstreitbeilegung Wir sind nicht bereit und nicht verpflichtet, an einem Streitbeilegungsverfahren vor einer Verbraucherschlichtungsstelle teilzunehmen.<\/p>\n","protected":false},"author":1,"featured_media":0,"parent":0,"menu_order":0,"comment_status":"closed","ping_status":"closed","template":"","meta":{"site-sidebar-layout":"default","site-content-layout":"","ast-site-content-layout":"default","site-content-style":"default","site-sidebar-style":"default","ast-global-header-display":"","ast-banner-title-visibility":"","ast-main-header-display":"","ast-hfb-above-header-display":"","ast-hfb-below-header-display":"","ast-hfb-mobile-header-display":"","site-post-title":"","ast-breadcrumbs-content":"","ast-featured-img":"","footer-sml-layout":"","ast-disable-related-posts":"","theme-transparent-header-meta":"","adv-header-id-meta":"","stick-header-meta":"","header-above-stick-meta":"","header-main-stick-meta":"","header-below-stick-meta":"","astra-migrate-meta-layouts":"set","ast-page-background-enabled":"default","ast-page-background-meta":{"desktop":{"background-color":"var(--ast-global-color-4)","background-image":"","background-repeat":"repeat","background-position":"center center","background-size":"auto","background-attachment":"scroll","background-type":"","background-media":"","overlay-type":"","overlay-color":"","overlay-opacity":"","overlay-gradient":""},"tablet":{"background-color":"","background-image":"","background-repeat":"repeat","background-position":"center center","background-size":"auto","background-attachment":"scroll","background-type":"","background-media":"","overlay-type":"","overlay-color":"","overlay-opacity":"","overlay-gradient":""},"mobile":{"background-color":"","background-image":"","background-repeat":"repeat","background-position":"center center","background-size":"auto","background-attachment":"scroll","background-type":"","background-media":"","overlay-type":"","overlay-color":"","overlay-opacity":"","overlay-gradient":""}},"ast-content-background-meta":{"desktop":{"background-color":"var(--ast-global-color-5)","background-image":"","background-repeat":"repeat","background-position":"center center","background-size":"auto","background-attachment":"scroll","background-type":"","background-media":"","overlay-type":"","overlay-color":"","overlay-opacity":"","overlay-gradient":""},"tablet":{"background-color":"var(--ast-global-color-5)","background-image":"","background-repeat":"repeat","background-position":"center center","background-size":"auto","background-attachment":"scroll","background-type":"","background-media":"","overlay-type":"","overlay-color":"","overlay-opacity":"","overlay-gradient":""},"mobile":{"background-color":"var(--ast-global-color-5)","background-image":"","background-repeat":"repeat","background-position":"center center","background-size":"auto","background-attachment":"scroll","background-type":"","background-media":"","overlay-type":"","overlay-color":"","overlay-opacity":"","overlay-gradient":""}},"footnotes":""},"class_list":["post-411","page","type-page","status-publish","hentry"],"_links":{"self":[{"href":"https:\/\/www.verfondern-schuhe.de\/nl\/wp-json\/wp\/v2\/pages\/411","targetHints":{"allow":["GET"]}}],"collection":[{"href":"https:\/\/www.verfondern-schuhe.de\/nl\/wp-json\/wp\/v2\/pages"}],"about":[{"href":"https:\/\/www.verfondern-schuhe.de\/nl\/wp-json\/wp\/v2\/types\/page"}],"author":[{"embeddable":true,"href":"https:\/\/www.verfondern-schuhe.de\/nl\/wp-json\/wp\/v2\/users\/1"}],"replies":[{"embeddable":true,"href":"https:\/\/www.verfondern-schuhe.de\/nl\/wp-json\/wp\/v2\/comments?post=411"}],"version-history":[{"count":6,"href":"https:\/\/www.verfondern-schuhe.de\/nl\/wp-json\/wp\/v2\/pages\/411\/revisions"}],"predecessor-version":[{"id":761,"href":"https:\/\/www.verfondern-schuhe.de\/nl\/wp-json\/wp\/v2\/pages\/411\/revisions\/761"}],"wp:attachment":[{"href":"https:\/\/www.verfondern-schuhe.de\/nl\/wp-json\/wp\/v2\/media?parent=411"}],"curies":[{"name":"wp","href":"https:\/\/api.w.org\/{rel}","templated":true}]}}